{"id":291,"date":"2015-02-22T01:23:40","date_gmt":"2015-02-22T00:23:40","guid":{"rendered":"http:\/\/www.schlesienmodelle.de\/?page_id=291"},"modified":"2015-02-22T01:33:03","modified_gmt":"2015-02-22T00:33:03","slug":"lizenzbestimmungen","status":"publish","type":"page","link":"http:\/\/www.schlesienmodelle.de\/?page_id=291","title":{"rendered":"\u00a7 Lizenzbestimmungen"},"content":{"rendered":"<div class=\"panel-grid\" id=\"pg-291-0\"><div class=\"panel-grid-core\"><div class=\"panel-grid-cell\" id=\"pgc-291-0-0\" ><p>Diese Lizenzvereinbarung (\"die Lizenz\") ist eine rechtlich bindende Vereinbarung zwischen Ihnen und Schlesienmodelle GmbH (\"Schlesienmodelle\"). Sie bezieht sich auf Audioaufnahmen (\"Audioaufnahmen\") und Software, die auf dieser Internetseite heruntergeladen werden k\u00f6nnen (\"Inhalt\"), sowie auf andere Inhalte wie Bilder und Dokumente, die sich im Besitz von Schlesienmodelle oder Dritten befinden. Mit dem Herunterladen oder der Nutzung des Inhalts akzeptieren Sie diese Lizenzvereinbarung. Wenn Sie dieser Lizenzvereinbarung nicht zustimmen, haben Sie keinerlei Rechte am Inhalt und m\u00fcssen umgehend s\u00e4mtliche bereits heruntergeladenen Teile des Inhalts l\u00f6schen. <br \/> <br \/> <strong>1. Lizenzgew\u00e4hrung<\/strong> <br \/> 1.1 Schlesienmodelle gew\u00e4hrt Ihnen das nicht \u00fcbertragbare, eingeschr\u00e4nkte, nicht exklusive Recht, den Inhalt ausschlie\u00dflich f\u00fcr Ihren pers\u00f6nlichen Gebrauch zu nutzen. Es ist Ihnen gestattet, den Inhalt in einen RAM Speicher zu laden oder auf einer Festplatte oder einem anderen Speichermedium in einem Computer, Hardwareprodukt oder mobilen Ger\u00e4t in Ihrem Besitz oder unter Ihrer Kontrolle zu installieren. Im Rahmen der Installation d\u00fcrfen Sie eine (1) Kopie des Inhalts auf Ihrem Computer speichern. In diesem Fall m\u00fcssen Sie alle Urheberrechts- und Eigentumsnachweise bei der Kopie belassen und sicherstellen, dass die Kopie zusammen mit dem Original in Ihrem Besitz verbleibt. <br \/> 1.2 Durch die Benutzung des Inhalts erlangen Sie keinerlei Eigentumsrecht, Urheberrecht oder andere Recht am Inhalt. Der Inhalt ist lizenziert, nicht verkauft. <br \/> 1.3 Sie sind berechtigt, die Audioaufnahmen zu benutzen, zu modifizieren und mit Audioaufnahmen Dritter zu kombinieren. Solcherma\u00dfen von Ihnen erstellte Audioaufnahmen d\u00fcrfen Sie an Dritte weitergeben, falls Sie folgende Bedingungen erf\u00fcllen: (i) Die Audioaufnahmen wurden von Ihnen insoweit neu gemischt, dass sie eine neues, originales Werk darstellen; (ii) Individuelle Schlesienmodelle Audioaufnahmen werden nicht separat benutzt; (iii) Die Audioaufnahmen oder Teile daraus werden nicht benutzt, um Audiobibliotheken zur Benutzung durch Dritte oder zur Verteilung an Dritte zu erstellen. <br \/> <br \/> <strong>2. Verbotene Nutzung<\/strong> <br \/> Weder Sie noch Dritte nach Ihrer Anweisung d\u00fcrfen:<br \/> <br \/> 2.1 den Inhalt oder Teile davon f\u00fcr jegliche \u00f6ffentliche Pr\u00e4sentation, Live\u00fcbertragung oder zeitlich verz\u00f6gerte \u00dcbertragung zu kommerziellen Zwecken nutzen, ohne vorherige schriftliche Einverst\u00e4ndniserkl\u00e4rung von Schlesienmodelle. <br \/> 2.2 den Inhalt oder Teile davon in einem Konkurrenzprodukt benutzen. Diese Einschr\u00e4nkung bezieht sich insbesondere auf Decoder und Hardware zum Betrieb von Modelleisenbahnen. <br \/> 2.3 den Inhalt oder Teile davon an Dritte lizenzieren, kopieren, reproduzieren, \u00fcbertragen, leihen, verkaufen, leasen, in einer pay-per-play Basis anbieten, gegen Bezahlung oder anderer Verg\u00fctung verteilen oder anderweitig kommerziell nutzen oder weitergeben. <br \/> 2.4 Produkte, die den Inhalt oder Teile davon beinhalten, herstellen und\/oder gegen Bezahlung anbieten oder anderweitig kommerziell nutzen. Wenn Sie den Inhalt oder Teile davon zur Herstellung, Weiterverkauf, Lizenzierung oder anderweitiger Verteilung verwenden m\u00f6chten, m\u00fcssen Sie Schlesienmodelle (falls zutreffend Schlesienmodelle Lizenznehmer) kontaktieren und eine entsprechende Vereinbarung mit Schlesienmodelle (falls zutreffend Schlesienmodelle Lizenznehmer) eingehen. <br \/> 2.5 die Ergebnisse jeglicher Untersuchungen oder vergleichenden Studien des Inhalts oder Teile davon ver\u00f6ffentlichen ohne vorherige schriftliche Einverst\u00e4ndniserkl\u00e4rung von Schlesienmodelle. <br \/> 2.6 den Inhalt oder Teile davon r\u00fcckentwickeln (Reverse engineering), rekompilieren oder zerlegen. Dies ist nur in besonderen F\u00e4llen und in beschr\u00e4nktem Ausma\u00df erlaubt, wenn ausdr\u00fccklich von Schlesienmodelle oder einem Schlesienmodelle Lizenznehmer schriftlich genehmigt oder per Gesetz gestattet. <br \/> <br \/> <strong>3. Urheberrechte<\/strong> <br \/> Sie erkennen an, dass alle Urheberrechte am Inhalt bei Schlesienmodelle und Schlesienmodelle Lizenznehmern liegen und dort verbleiben. Sie werden die Rechte von Schlesienmodelle am Inhalt weder aktiv noch durch Unterlassung beeintr\u00e4chtigen oder schm\u00e4lern. Sie k\u00f6nnen von Schlesienmodelle oder Schlesienmodelle Lizenznehmern verantwortlich gemacht werden f\u00fcr jegliche Verletzung am Urheberrecht des Inhalts. Unter der Voraussetzung, dass Sie diese Lizenzvereinbarung einhalten, wird Schlesienmodelle keine Eigentumsrechte an Werken geltend machen, die Sie durch Benutzung des Inhalts schaffen. <br \/> <br \/> <strong>4. Dauer und Beendigung<\/strong> <br \/> Diese Lizenz tritt mit dem ersten Tag der Installierung des Inhalts durch Sie in Kraft. Die Rechte, die Sie durch diese Lizenz erhalten, verfallen sobald Sie die Lizenzvereinbarung verletzen. In diesem Fall stimmen Sie zu, den Inhalt und alle Teile davon zu l\u00f6schen, einschlie\u00dflich des Inhalts, der auf der Festplatte jedes Computers unter Ihrer Kontrolle gespeichert ist. Sie k\u00f6nnen diese Lizenz jederzeit beenden, indem Sie s\u00e4mtliche Kopien des Inhalts zerst\u00f6ren oder l\u00f6schen. Jegliche Beendigung der Lizenz (wie auch immer zustande gekommen) hat keinen Einfluss auf Rechte und Verbindlichkeiten von Ihnen und Schlesienmodelle und ber\u00fchrt nicht die Einhaltung und den Fortbestand der Regelungen in Paragraphen 2, 3, 5 und 6 und jeglicher Auswirkungen dieser Regeln, implizit oder explizit auch nach Beendigung der Lizenz. <br \/> <br \/> <strong>5. Keine Garantien<\/strong> <br \/> Schlesienmodelle und Schlesienmodelle Lizenznehmer stellen den Inhalt \"wie gesehen\" bereit und schlie\u00dfen jegliche Garantie, soweit gesetzlich erlaubt, aus. Insbesondere wird keine Garantie daf\u00fcr \u00fcbernommen, dass der Inhalt eine bestimmte Qualit\u00e4t besitzt oder f\u00fcr einen bestimmten Zweck geeignet ist. Weder Schlesienmodelle noch Schlesienmodelle Lizenznehmer garantieren, dass die Ausf\u00fchrung des Inhalts ohne Unterbrechungen, fehlerfrei oder virusfrei abl\u00e4uft und Ihren speziellen Anforderungen entspricht. Es ist m\u00f6glich, dass Sie andere Rechte haben, die je nach Gesetzgebung variieren k\u00f6nnen. <br \/> <br \/> <strong>6. Verantwortung von Schlesienmodelle<\/strong> <br \/> Weder Schlesienmodelle noch Schlesienmodelle Lizenznehmer k\u00f6nnen haftbar gemacht werden f\u00fcr jegliche Sch\u00e4den, die direkt oder indirekt mit dem Inhalt oder Teilen davon in Verbindung stehen. Haftung durch Schlesienmodelle oder Schlesienmodelle Lizenznehmer wird nur dann und auch nur in dem Umfang \u00fcbernommen, indem sie sich gesetzlich nicht ausschlie\u00dfen l\u00e4sst. Keinesfalls kann Schlesienmodelle oder Schlesienmodelle Lizenznehmer haftbar gemacht werden f\u00fcr Sch\u00e4den des Gesch\u00e4fts, der Daten, des Profits, des Verm\u00f6gens oder anderer besonderer indirekter \u00f6konomischer Sch\u00e4den. <br \/> <br \/> <strong>7. Allgemeines<\/strong> <br \/> 7.1 Sie erkennen an, dass unter Umst\u00e4nden Schadenszahlungen alleine nicht ausreichend sind, um einen Bruch dieser Lizenzvereinbarung zu ahnden, und dass Einstweilige Verf\u00fcgungen und andere rechtliche Mittel herangezogen werden k\u00f6nnen. <br \/> 7.2 Sie d\u00fcrfen keine Rechte, die Ihnen in Rahmen dieser Lizenz \u00fcbertragen worden sind, an Dritte weitergeben oder Dritten gew\u00e4hren. <br \/> 7.3 Schlesienmodelle ist nicht verpflichtet, Ihnen Gew\u00e4hrleistung, technische Unterst\u00fctzung oder Upgrades bereit zu stellen. <br \/> 7.4 Sie stimmen zu, alle zutreffenden Einfuhr- und Ausfuhrbeschr\u00e4nkungen einzuhalten und erkennen an, dass Sie alleine verantwortlich sind, alle notwendigen Lizenzen zum Export, Re-Export, Transfer oder Import des Inhalts zu erlangen. <br \/> 7.5 Diese Lizenz stellt die vollst\u00e4ndige Lizenzvereinbarung zwischen Ihnen und Schlesienmodelle bez\u00fcglich des betreffenden Inhalts dar und setzt alle vorherigen Vereinbarungen au\u00dfer Kraft. Erg\u00e4nzungen oder \u00c4nderungen dieser Lizenz sind nur dann g\u00fcltig, wenn sie schriftlich vorliegen und von Ihnen und einem dazu befugten Repr\u00e4sentanten von Schlesienmodelle unterzeichnet sind. <br \/> 7.6 Keine Unterlassung, Aufschub oder Nachsicht durch jegliche Partei betreffend der Durchsetzung dieser Lizenzvereinbarung hat Auswirkungen oder Einschr\u00e4nkungen hinsichtlich der Rechte dieser Partei. Eine Tolerierung einer Lizenzverletzung durch eine Partei kann nicht als Pr\u00e4zedenzfall f\u00fcr eine sp\u00e4tere Lizenzverletzung herangezogen werden. <br \/> 7.7 Im Falle, dass diese Lizenzvereinbarung oder ein beliebiger Teil eines Paragraphen sich als illegal oder nicht durchsetzbar erweist, bleiben die anderen Teile des Paragraphen und der Rest dieser Lizenzvereinbarung davon unber\u00fchrt und weiterhin g\u00fcltig.<\/p><\/div><\/div><\/div>","protected":false},"excerpt":{"rendered":"<p>Diese Lizenzvereinbarung (&#8222;die Lizenz&#8220;) ist eine rechtlich bindende Vereinbarung zwischen Ihnen und Schlesienmodelle GmbH (&#8222;Schlesienmodelle&#8220;). Sie bezieht sich auf Audioaufnahmen (&#8222;Audioaufnahmen&#8220;) und Software, die auf dieser Internetseite heruntergeladen werden k\u00f6nnen (&#8222;Inhalt&#8220;), sowie auf andere Inhalte wie Bilder und Dokumente, die sich im Besitz von Schlesienmodelle oder Dritten befinden. Mit dem Herunterladen oder der Nutzung des [&hellip;]<\/p>\n","protected":false},"author":1,"featured_media":0,"parent":0,"menu_order":0,"comment_status":"open","ping_status":"open","template":"","meta":{"footnotes":""},"categories":[],"tags":[],"_links":{"self":[{"href":"http:\/\/www.schlesienmodelle.de\/index.php?rest_route=\/wp\/v2\/pages\/291"}],"collection":[{"href":"http:\/\/www.schlesienmodelle.de\/index.php?rest_route=\/wp\/v2\/pages"}],"about":[{"href":"http:\/\/www.schlesienmodelle.de\/index.php?rest_route=\/wp\/v2\/types\/page"}],"author":[{"embeddable":true,"href":"http:\/\/www.schlesienmodelle.de\/index.php?rest_route=\/wp\/v2\/users\/1"}],"replies":[{"embeddable":true,"href":"http:\/\/www.schlesienmodelle.de\/index.php?rest_route=%2Fwp%2Fv2%2Fcomments&post=291"}],"version-history":[{"count":3,"href":"http:\/\/www.schlesienmodelle.de\/index.php?rest_route=\/wp\/v2\/pages\/291\/revisions"}],"predecessor-version":[{"id":297,"href":"http:\/\/www.schlesienmodelle.de\/index.php?rest_route=\/wp\/v2\/pages\/291\/revisions\/297"}],"wp:attachment":[{"href":"http:\/\/www.schlesienmodelle.de\/index.php?rest_route=%2Fwp%2Fv2%2Fmedia&parent=291"}],"wp:term":[{"taxonomy":"category","embeddable":true,"href":"http:\/\/www.schlesienmodelle.de\/index.php?rest_route=%2Fwp%2Fv2%2Fcategories&post=291"},{"taxonomy":"post_tag","embeddable":true,"href":"http:\/\/www.schlesienmodelle.de\/index.php?rest_route=%2Fwp%2Fv2%2Ftags&post=291"}],"curies":[{"name":"wp","href":"https:\/\/api.w.org\/{rel}","templated":true}]}}