{"id":71,"date":"2015-02-17T10:38:33","date_gmt":"2015-02-17T09:38:33","guid":{"rendered":"http:\/\/www.schlesienmodelle.de\/wordpress\/?page_id=71"},"modified":"2023-11-05T17:34:28","modified_gmt":"2023-11-05T16:34:28","slug":"agb","status":"publish","type":"page","link":"http:\/\/www.schlesienmodelle.de\/?page_id=71","title":{"rendered":"\u00a7 AGB"},"content":{"rendered":"<div class=\"panel-grid\" id=\"pg-71-0\"><div class=\"panel-grid-core\"><div class=\"panel-grid-cell\" id=\"pgc-71-0-0\" ><p style=\"text-align: justify;\"><strong>Allgemeine Gesch\u00e4ftsbedingungen der Schlesienmodelle GmbH, www.schlesienmodelle.de<\/strong><\/p><ol style=\"text-align: justify;\"><li><strong> Allgemeines<\/strong><\/li><\/ol><p style=\"text-align: justify;\">Diese Allgemeinen Gesch\u00e4ftsbedingungen (AGB) gelten f\u00fcr alle Angebote und Leistungen betreffend die Internet-Plattform www.schlesienmodelle.de. Sofern der Kunde auf die Einbeziehung seiner eigenen Gesch\u00e4fts- oder Einkaufsbedingungen hinweist, wird diesen widersprochen.<\/p><p style=\"text-align: justify;\">Individuelle Vertragsabreden haben Vorrang vor Allgemeinen Gesch\u00e4ftsbedingungen.<\/p><p style=\"text-align: justify;\">Es gilt das Recht der Bundesrepublik Deutschland unter Ausschluss des UN-Kaufrechts.<\/p><ol style=\"text-align: justify;\" start=\"2\"><li><strong> Zustandekommen des Vertrags, Speicherung, Vertragssprache<\/strong><\/li><\/ol><p style=\"text-align: justify;\">(1) Die Leistungsbeschreibungen auf den Internetseiten stellen noch keine Angebote zum Abschluss eines Kaufvertrages dar. Ein solches Angebot wird erst mit der Online-Bestellung des Kunden \u00fcber das Kontaktformular oder auf Grund einer telefonischen oder in Textform erfolgenden Bestellung abgegeben. Die anschlie\u00dfend von uns verschickte Best\u00e4tigung des Eingangs der Bestellung stellt noch keine Annahme dieses Angebotes dar. Der Kaufvertrag kommt erst zustande mit Zugang der Auftragsbest\u00e4tigung oder der Ware.<\/p><p style=\"text-align: justify;\">(2) Der Kunde kann den Vertragstext abspeichern, indem er durch die Funktion seines Browsers \"Speichern unter\" die betreffende Internetseite auf seinem Computer sichert. Durch die Druckfunktion seines Browsers hat er zudem die M\u00f6glichkeit, den Vertragstext auszudrucken. Wir selbst speichern als Verk\u00e4ufer nach dem Vertragsabschluss ebenfalls Vertragstexte und machen diese auf Nachfrage hin unseren Kunden zug\u00e4nglich.<\/p><p style=\"text-align: justify;\">Seine Eingaben kann der Kunde w\u00e4hrend des Bestellvorgangs jederzeit korrigieren, indem er den Button \"Zur\u00fcck\" im Browser w\u00e4hlt und dann die entsprechende \u00c4nderung vornimmt. Durch Schlie\u00dfen des Webbrowsers kann der Kunde den gesamten Bestellvorgang jederzeit abbrechen. Weiterhin bietet auch die Bestell\u00fcbersicht vor Absenden der Online-Bestellung noch eine zus\u00e4tzliche Korrekturm\u00f6glichkeit, auf die der Kunde hingewiesen wird.<\/p><p style=\"text-align: justify;\">Die f\u00fcr den Vertragsabschluss zur Verf\u00fcgung stehende Sprache ist ausschlie\u00dflich Deutsch.<\/p><ol style=\"text-align: justify;\" start=\"3\"><li><strong> Wesentliche Merkmale der Ware<\/strong><\/li><\/ol><p style=\"text-align: justify;\">Die Beschreibung der Waren ergibt sich aus der Pr\u00e4sentation im Internet unter www.schlesienmodelle.de .<\/p><ol style=\"text-align: justify;\" start=\"4\"><li><strong> Preise, Zahlung, Lieferung, Versandkosten<\/strong><\/li><\/ol><p style=\"text-align: justify;\">(1) In der Verg\u00fctung ist die zum Zeitpunkt der Bestellung jeweils g\u00fcltige Umsatzsteuer (Mehrwertsteuer) enthalten.<\/p><p style=\"text-align: justify;\">(2) Bei Vertragsschl\u00fcssen bieten wir folgende Zahlungsm\u00f6glichkeiten an:<\/p><p style=\"text-align: justify;\">F\u00fcr Lieferungen innerhalb Deutschlands:<\/p><ol style=\"text-align: justify;\"><li>Vorauskasse per<\/li><\/ol><ul style=\"text-align: justify;\"><li>\u00dcberweisung<\/li><\/ul><ul style=\"text-align: justify;\"><li>PayPal<\/li><\/ul><ol style=\"text-align: justify;\" start=\"2\"><li>Nachnahme<\/li><\/ol><p style=\"text-align: justify;\">F\u00fcr Lieferungen ins Ausland:<\/p><p style=\"text-align: justify;\">Vorauskasse per<\/p><ul style=\"text-align: justify;\"><li>\u00dcberweisung<\/li><\/ul><ul style=\"text-align: justify;\"><li>PayPal<\/li><\/ul><p style=\"text-align: justify;\">Zus\u00e4tzlich ist nach Absprache auch die Abholung unserer Ware in unserem Lager gegen Barzahlung m\u00f6glich. Lagerstandort:<\/p><p style=\"text-align: justify;\">Philipp-Scheidemann-Stra\u00dfe 7<\/p><p style=\"text-align: justify;\">40595 D\u00fcsseldorf<\/p><p style=\"text-align: justify;\">(3) Alle Artikel werden innerhalb Deutschlands und nach Dateneingabe ausgeliefert.<\/p><p style=\"text-align: justify;\">(4) Die Lieferung erfolgt entweder per Post, DHL, GLS oder DPD.<\/p><p style=\"text-align: justify;\">(5) Die Versandkosten finden Sie bei den Angeboten.<\/p><ol style=\"text-align: justify;\" start=\"5\"><li><strong> Vereinbarung \u00fcber die R\u00fccksendekosten im Falle der Aus\u00fcbung des Widerrufsrechts durch den Verbraucher<\/strong><\/li><\/ol><p style=\"text-align: justify;\">Bei Fernabsatzgesch\u00e4ften mit dem Verbraucher kommt bez\u00fcglich der R\u00fccksendekosten folgende Regelung zur Anwendung: Die regelm\u00e4\u00dfigen Kosten der R\u00fccksendung werden dem Verbraucher auferlegt werden, wenn der Preis der zur\u00fcckzusendenden Sache einen Betrag von 40 Euro nicht \u00fcbersteigt oder wenn bei einem h\u00f6heren Preis der Sache der Verbraucher die Gegenleistung oder eine Teilzahlung zum Zeitpunkt des Widerrufs noch nicht erbracht hat, es sei denn, dass die gelieferte Ware nicht der bestellten entspricht. In allen anderen F\u00e4llen tr\u00e4gt der Verk\u00e4ufer die Kosten f\u00fcr die R\u00fccksendung.<\/p><ol style=\"text-align: justify;\" start=\"6\"><li><strong> Widerrufsbelehrung<\/strong><\/li><\/ol><p style=\"text-align: justify;\"><strong>Widerrufsrecht <\/strong><\/p><p style=\"text-align: justify;\">Als Verbraucher k\u00f6nnen Sie Ihre Vertragserkl\u00e4rung innerhalb von 14 Tagen ohne Angabe von Gr\u00fcnden in Textform (z.B. Brief, Fax, E-Mail) oder - wenn Ihnen die Sache vor Fristablauf \u00fcberlassen wird - auch durch R\u00fccksendung der Sache widerrufen. Die Frist beginnt nach Erhalt dieser Belehrung in Textform, jedoch nicht vor Eingang der Ware beim Empf\u00e4nger (bei der wiederkehrenden Lieferung gleichartiger Waren nicht vor Eingang der ersten Teillieferung) und auch nicht vor Erf\u00fcllung unserer Informationspflichten gem\u00e4\u00df Artikel 246 \u00a7 2 in Verbindung mit \u00a7 1 Absatz 1 und 2 EGBGB sowie unserer Pflichten gem\u00e4\u00df \u00a7 312g Absatz 1 Satz 1 BGB in Verbindung mit Artikel 246 \u00a7 3 EGBGB. Zur Wahrung der Widerrufsfrist gen\u00fcgt die rechtzeitige Absendung des Widerrufs oder der Sache. Der Widerruf ist zu richten an:<\/p><p style=\"text-align: justify;\">Schlesienmodelle GmbH<br \/> Philipp-Scheidemann- Stra\u00dfe 7<br \/> 40595 D\u00fcsseldorf<\/p><p style=\"text-align: left;\"><a href=\"mailto:info@schlesienmodelle.de\"><img src=\"http:\/\/www.schlesienmodelle.de\/webcontent\/wp-content\/uploads\/2015\/02\/info-email.jpg\" alt=\"\" \/ ><\/a><\/p><p style=\"text-align: justify;\"><strong>Widerrufsfolgen<\/strong><\/p><p style=\"text-align: justify;\">Im Falle eines wirksamen Widerrufs sind die beiderseits empfangenen Leistungen zur\u00fcckzugew\u00e4hren und ggf. gezogene Nutzungen (z.B. Zinsen) herauszugeben. K\u00f6nnen Sie uns die empfangene Leistung sowie Nutzungen (z.B. Gebrauchsvorteile) nicht oder teilweise nicht oder nur in verschlechtertem Zustand zur\u00fcckgew\u00e4hren beziehungsweise herausgeben, m\u00fcssen Sie uns insoweit Wertersatz leisten. F\u00fcr die Verschlechterung der Sache und f\u00fcr gezogene Nutzungen m\u00fcssen Sie Wertersatz nur leisten, soweit die Nutzungen oder die Verschlechterung auf einen Umgang mit der Sache zur\u00fcckzuf\u00fchren ist, der \u00fcber die Pr\u00fcfung der Eigenschaften und der Funktionsweise hinausgeht. Unter \"Pr\u00fcfung der Eigenschaften und der Funktionsweise\" versteht man das Testen und Ausprobieren der jeweiligen Ware, wie es etwa im Ladengesch\u00e4ft m\u00f6glich und \u00fcblich ist. Paketversandf\u00e4hige Sachen sind auf unsere Gefahr zur\u00fcckzusenden. Sie haben die regelm\u00e4\u00dfigen Kosten der R\u00fccksendung zu tragen, wenn die gelieferte Ware der bestellten entspricht und wenn der Preis der zur\u00fcckzusendenden Sache einen Betrag von 40 Euro nicht \u00fcbersteigt oder wenn Sie bei einem h\u00f6heren Preis der Sache zum Zeitpunkt des Widerrufs noch nicht die Gegenleistung oder eine vertraglich vereinbarte Teilzahlung erbracht haben. Andernfalls ist die R\u00fccksendung f\u00fcr Sie kostenfrei. Nicht paketversandf\u00e4hige Sachen werden bei Ihnen abgeholt. Verpflichtungen zur Erstattung von Zahlungen m\u00fcssen innerhalb von 30 Tagen erf\u00fcllt werden. Die Frist beginnt f\u00fcr Sie mit der Absendung Ihrer Widerrufserkl\u00e4rung oder der Sache, f\u00fcr uns mit deren Empfang.<\/p><p style=\"text-align: justify;\"><strong>Besondere Hinweise<\/strong><\/p><p style=\"text-align: justify;\">Das Widerrufsrecht besteht nicht bei Fernabsatzvertr\u00e4gen zur Lieferung von<\/p><p style=\"text-align: justify;\">- Waren, die nach Kundenspezifikation angefertigt werden oder eindeutig auf die pers\u00f6nlichen Bed\u00fcrfnisse zugeschnitten sind oder die auf Grund ihrer Beschaffenheit nicht f\u00fcr eine R\u00fccksendung geeignet sind oder schnell verderben k\u00f6nnen oder deren Verfallsdatum \u00fcberschritten w\u00fcrde;<\/p><p style=\"text-align: justify;\">- Audio- oder Videoaufzeichnungen oder von Software (insbesondere bei DVD's oder Softwaretr\u00e4gern), sofern die gelieferten Datentr\u00e4ger vom Verbraucher entsiegelt worden sind.<\/p><p style=\"text-align: justify;\"><strong>Ende der Widerrufsbelehrung <\/strong><\/p><ol style=\"text-align: justify;\" start=\"7\"><li><strong> Gew\u00e4hrleistung <\/strong><\/li><\/ol><p style=\"text-align: justify;\">Die Gew\u00e4hrleistung bei M\u00e4ngeln der Ware betr\u00e4gt bei Neuwaren gem\u00e4\u00df der gesetzlichen Regelung 24 Monate. F\u00fcr gebrauchte Waren betr\u00e4gt die Gew\u00e4hrleistungszeit 12 Monate. Die Gew\u00e4hrleistungsfrist beginnt ab der \u00dcbergabe der Ware an den K\u00e4ufer. Es bleibt bei der regelm\u00e4\u00dfigen Verj\u00e4hrungsfrist von 3 Jahren,<\/p><p style=\"text-align: justify;\">beginnend mit dem Schluss des Jahres, in dem<\/p><p style=\"text-align: justify;\">1.der Anspruch entstanden ist und<\/p><p style=\"text-align: justify;\">2.der Gl\u00e4ubiger von den den Anspruch begr\u00fcndenden Umst\u00e4nden und der Person des Schuldners Kenntnis erlangt oder ohne grobe Fahrl\u00e4ssigkeit erlangen m\u00fcsste,<\/p><p style=\"text-align: justify;\">- wenn es um die Haftung f\u00fcr Sch\u00e4den geht aus der Verletzung des Lebens, des K\u00f6rpers oder der Gesundheit, die auf einer von mir begangenen fahrl\u00e4ssigen oder vors\u00e4tzlichen Pflichtverletzung oder einer vors\u00e4tzlichen oder fahrl\u00e4ssigen Pflichtverletzung eines meiner Erf\u00fcllungsgehilfen beruhen oder<\/p><p style=\"text-align: justify;\">- wenn es um die Haftung f\u00fcr sonstige Sch\u00e4den geht, die auf einer von mir begangenen grob fahrl\u00e4ssigen Pflichtverletzung oder auf einer vors\u00e4tzlichen oder grob fahrl\u00e4ssigen Pflichtverletzung eines meiner Erf\u00fcllungsgehilfen beruhen oder<\/p><p style=\"text-align: justify;\">- wenn es um die Haftung f\u00fcr arglistig verschwiegene M\u00e4ngel geht. Die Gew\u00e4hrleistung erstreckt sich nicht auf den normalen Verschlei\u00df oder die normale Abnutzung.<\/p><ol style=\"text-align: justify;\" start=\"8\"><li><strong> Eigentumsvorbehalt<\/strong><\/li><\/ol><ol style=\"text-align: justify;\"><li>Wir behalten uns das Eigentum an dem gelieferten Gegenstand bis zum Eingang aller Zahlungen aus dem Kaufvertrag vor. Kommt der K\u00e4ufer seinen vertraglichen Pflichten nicht nach, insbesondere im Fall des Zahlungsverzugs, sind wir berechtigt, den gelieferten Gegenstand heraus zu verlangen; der K\u00e4ufer ist in diesem Falle zur Herausgabe des Gegenstands verpflichtet.<\/li><li>Der K\u00e4ufer ist verpflichtet, uns bei Pf\u00e4ndungen bez\u00fcglich des Kaufgegenstands oder sonstiger diesbez\u00fcglicher Zugriffe oder Zugriffsversuche Dritter bez\u00fcglich des Kaufgegenstands unverz\u00fcglich zu benachrichtigen, damit wir unsere Rechte aus dem Eigentumsvorbehalt wahrnehmen k\u00f6nnen.<\/li><\/ol><ol style=\"text-align: justify;\" start=\"9\"><li><strong> Hinweis zum Batteriegesetz (BattG)<\/strong><\/li><\/ol><p style=\"text-align: justify;\">Falls das Angebot Akkus oder Batterien umfasst, sind Sie gesetzlich verpflichtet, gebrauchte Batterien oder Akkus gesondert zu entsorgen. Bitte geben Sie diese an einer kommunalen Sammelstelle oder im Handel vor Ort ab. Batterien und Akkus, die sie von uns erhalten haben, k\u00f6nnen Sie bei uns unentgeltlich zur\u00fcckgeben. Batterien oder Akkus, die Schadstoffe enthalten, sind mit dem Symbol einer durchgestrichenen M\u00fclltonne und dem chemischen Symbol des jeweiligen Schadstoffes (z.B. \"Cd\" f\u00fcr Cadmium, \"Pb\" f\u00fcr Blei, \"Hg\" f\u00fcr Quecksilber) gekennzeichnet. Sie finden diese Hinweise auch noch einmal in den Begleitpapieren der Warensendung.<\/p><ol style=\"text-align: justify;\" start=\"10\"><li><strong> Transportsch\u00e4den<\/strong><\/li><\/ol><p style=\"text-align: justify;\">(1) Werden Waren mit offensichtlichen Transportsch\u00e4den angeliefert, so reklamieren Sie solche Fehler bitte sofort bei dem Zusteller und nehmen Sie bitte schnellstm\u00f6glich Kontakt mit uns auf.<\/p><p style=\"text-align: justify;\">(2) Die Vers\u00e4umung einer Reklamation oder Kontaktaufnahme hat f\u00fcr Ihre gesetzlichen Gew\u00e4hrleistungsanspr\u00fcche keinerlei Konsequenzen. Sie helfen uns aber, unsere eigenen Anspr\u00fcche gegen\u00fcber dem Frachtf\u00fchrer bzw. dem Transportversicherer geltend machen zu k\u00f6nnen.<\/p><ol style=\"text-align: justify;\" start=\"11\"><li><strong> Datenschutz<\/strong><\/li><\/ol><p style=\"text-align: justify;\">(1) Alle von uns erhobenen und gespeicherten pers\u00f6nlichen Kundendaten werden ausschlie\u00dflich zum Zwecke der Vertragsabwicklung verwendet. Es werden Vor- und Familiennamen des Kunden, die zugeh\u00f6rige Rechnungs- und Lieferanschrift sowie eine ggf. hinterlegte Rufnummer und Emailadresse gespeichert. Die erhobenen Daten werden nicht an andere Dritte weitergegeben, ausgenommen rechtlich notwendige Ma\u00dfnahmen (Inkassob\u00fcro, Rechtsanwalt, Auskunfteien).<\/p><p style=\"text-align: justify;\">(2) Der Kunden hat jederzeit ein Recht auf kostenlose Auskunft, Berichtigung, Sperrung und L\u00f6schung seiner gespeicherten Daten.<\/p><ol style=\"text-align: justify;\" start=\"12\"><li><strong> Urheberrechtshinweis<\/strong><\/li><\/ol><p style=\"text-align: justify;\">Die auf unseren Internetseiten eingestellten Fotos und die von uns erstellten Texte sind urheberrechtlich gesch\u00fctzt. Das unbefugte Kopieren und Ver\u00f6ffentlichen hiervon (auch nur auszugsweise) wird gem. \u00a7 97 UrhG strafrechtlich und zivilrechtlich verfolgt.<\/p><ol style=\"text-align: justify;\" start=\"13\"><li><strong> Gerichtsstand \/ Erf\u00fcllungsort <\/strong><\/li><\/ol><p style=\"text-align: justify;\">F\u00fcr alle wechselseitigen Anspr\u00fcche der Vertragspartner wird D\u00fcsseldorf als Erf\u00fcllungsort und Gerichtsstand vereinbart, sofern es sich bei den Vertragspartnern um Kaufleute, juristische Personen des \u00f6ffentlichen Rechts oder \u00f6ffentlich-rechtliche Sonderverm\u00f6gen handelt. Ebenso wird D\u00fcsseldorf als Erf\u00fcllungsort und Gerichtsstand vereinbart, wenn der Kunde keinen allgemeinen Gerichtsstand im Inland hat.<\/p><ol style=\"text-align: justify;\" start=\"14\"><li><strong> Salvatorische Klausel <\/strong><\/li><\/ol><p style=\"text-align: justify;\">Sollten einzelne Bestimmungen des Vertrages mit dem Kunden einschlie\u00dflich dieser AGB ganz oder teilweise unwirksam sein bzw. unwirksam werden oder die Vereinbarungen eine L\u00fccke enthalten, so wird hierdurch die G\u00fcltigkeit der \u00fcbrigen Bestimmungen nicht ber\u00fchrt.<\/p><p style=\"text-align: justify;\">D\u00fcsseldorf, 1. Januar 2012<\/p><\/div><\/div><\/div>","protected":false},"excerpt":{"rendered":"<p>Allgemeine Gesch\u00e4ftsbedingungen der Schlesienmodelle GmbH, www.schlesienmodelle.de AllgemeinesDiese Allgemeinen Gesch\u00e4ftsbedingungen (AGB) gelten f\u00fcr alle Angebote und Leistungen betreffend die Internet-Plattform www.schlesienmodelle.de. Sofern der Kunde auf die Einbeziehung seiner eigenen Gesch\u00e4fts- oder Einkaufsbedingungen hinweist, wird diesen widersprochen.Individuelle Vertragsabreden haben Vorrang vor Allgemeinen Gesch\u00e4ftsbedingungen.Es gilt das Recht der Bundesrepublik Deutschland unter Ausschluss des UN-Kaufrechts. Zustandekommen des Vertrags, Speicherung, [&hellip;]<\/p>\n","protected":false},"author":1,"featured_media":0,"parent":0,"menu_order":0,"comment_status":"open","ping_status":"open","template":"","meta":{"footnotes":""},"categories":[],"tags":[],"_links":{"self":[{"href":"http:\/\/www.schlesienmodelle.de\/index.php?rest_route=\/wp\/v2\/pages\/71"}],"collection":[{"href":"http:\/\/www.schlesienmodelle.de\/index.php?rest_route=\/wp\/v2\/pages"}],"about":[{"href":"http:\/\/www.schlesienmodelle.de\/index.php?rest_route=\/wp\/v2\/types\/page"}],"author":[{"embeddable":true,"href":"http:\/\/www.schlesienmodelle.de\/index.php?rest_route=\/wp\/v2\/users\/1"}],"replies":[{"embeddable":true,"href":"http:\/\/www.schlesienmodelle.de\/index.php?rest_route=%2Fwp%2Fv2%2Fcomments&post=71"}],"version-history":[{"count":12,"href":"http:\/\/www.schlesienmodelle.de\/index.php?rest_route=\/wp\/v2\/pages\/71\/revisions"}],"predecessor-version":[{"id":356,"href":"http:\/\/www.schlesienmodelle.de\/index.php?rest_route=\/wp\/v2\/pages\/71\/revisions\/356"}],"wp:attachment":[{"href":"http:\/\/www.schlesienmodelle.de\/index.php?rest_route=%2Fwp%2Fv2%2Fmedia&parent=71"}],"wp:term":[{"taxonomy":"category","embeddable":true,"href":"http:\/\/www.schlesienmodelle.de\/index.php?rest_route=%2Fwp%2Fv2%2Fcategories&post=71"},{"taxonomy":"post_tag","embeddable":true,"href":"http:\/\/www.schlesienmodelle.de\/index.php?rest_route=%2Fwp%2Fv2%2Ftags&post=71"}],"curies":[{"name":"wp","href":"https:\/\/api.w.org\/{rel}","templated":true}]}}