{"id":85,"date":"2015-02-17T11:19:52","date_gmt":"2015-02-17T10:19:52","guid":{"rendered":"http:\/\/www.schlesienmodelle.de\/wordpress\/?page_id=85"},"modified":"2015-02-17T18:05:00","modified_gmt":"2015-02-17T17:05:00","slug":"unternehmen","status":"publish","type":"page","link":"http:\/\/www.schlesienmodelle.de\/?page_id=85","title":{"rendered":"Unternehmen"},"content":{"rendered":"<div class=\"panel-grid\" id=\"pg-85-0\"><div class=\"panel-grid-core\"><div class=\"panel-grid-cell\" id=\"pgc-85-0-0\" ><h5><strong>Meilensteine<\/strong><\/h5><p style=\"text-align: left;\">Februar 2015:<br \/>Verkaufsstart EU07.<\/p><p style=\"text-align: left;\">Juni: 2014:<br \/>Schlesienmodelle organisiert unter der Marke \"Tybuna\u0142y Modelarstwa Kolejowego\" die erste reine Modelleisenbahn Messe in Polen.<\/p><p style=\"text-align: left;\">Januar 2014:<br \/>Umwandlung des Unternehmens in eine GmbH.<\/p><p style=\"text-align: left;\">Oktober 2012:<br \/>Start des Projekts EU07. Schlesienmodelle wird zum Hersteller.<\/p><p style=\"text-align: left;\">April: 2012:<br \/>Erster Messeauftritt von Schlesienmodelle auf der Intermodellbau in Dortmund.<\/p><p style=\"text-align: left;\">Januar 2012:<br \/>MBR, KLUBA, ROBO, UMF und OMKIA starten mit Schlesienmodelle den Deutschland-Vertrieb ihrer Produkte.<\/p><p style=\"text-align: left;\">Oktober 2011:<br \/>Idee zur Gr\u00fcndung der Vertriebsmarke Schlesienmodelle.<\/p><p style=\"text-align: justify;\"><br \/><br \/><\/p><p style=\"text-align: justify;\">\u00a0<\/p><p style=\"text-align: justify;\"><br \/><br \/><br \/><\/p><p style=\"text-align: justify;\">\u00a0<\/p><\/div><div class=\"panel-grid-cell\" id=\"pgc-85-0-1\" >&nbsp;<\/div><div class=\"panel-grid-cell\" id=\"pgc-85-0-2\" ><p style=\"text-align: justify;\">Schlesienmodelle wurde 2012 als Vertriebspartner f\u00fcr Produkte polnischer Hersteller in Deutschland gegr\u00fcndet. Schnell konnten wir mit der guten Qualit\u00e4t der Produkte unsere Kunden \u00fcberzeugen. Das Ergebnis ist ein fester Kundenstamm.<br \/><br \/>Zum Jahreswechsel 2012\/13 wagten wir einen weiteren, entscheidenden Schritt: Die Entwicklung eines eigenen Lok-Modells in der Baugr\u00f6\u00dfe H0. Die Wahl fiel auf die polnische Baureihe EU07. Anfang 2015 wurde das hochdetaillierte Modell ausgeliefert. Trotz langer Wartezeit wurde es von unseren Kunden positiv aufgenommen. Der Schritt vom Vertriebspartner zum Hersteller ist uns damit erfolgreich gelungen.<\/p><\/div><\/div><\/div>","protected":false},"excerpt":{"rendered":"<p>MeilensteineFebruar 2015:Verkaufsstart EU07.Juni: 2014:Schlesienmodelle organisiert unter der Marke &#8222;Tybuna\u0142y Modelarstwa Kolejowego&#8220; die erste reine Modelleisenbahn Messe in Polen.Januar 2014:Umwandlung des Unternehmens in eine GmbH.Oktober 2012:Start des Projekts EU07. Schlesienmodelle wird zum Hersteller.April: 2012:Erster Messeauftritt von Schlesienmodelle auf der Intermodellbau in Dortmund.Januar 2012:MBR, KLUBA, ROBO, UMF und OMKIA starten mit Schlesienmodelle den Deutschland-Vertrieb ihrer Produkte.Oktober 2011:Idee [&hellip;]<\/p>\n","protected":false},"author":1,"featured_media":0,"parent":0,"menu_order":0,"comment_status":"open","ping_status":"open","template":"","meta":{"footnotes":""},"categories":[],"tags":[],"_links":{"self":[{"href":"http:\/\/www.schlesienmodelle.de\/index.php?rest_route=\/wp\/v2\/pages\/85"}],"collection":[{"href":"http:\/\/www.schlesienmodelle.de\/index.php?rest_route=\/wp\/v2\/pages"}],"about":[{"href":"http:\/\/www.schlesienmodelle.de\/index.php?rest_route=\/wp\/v2\/types\/page"}],"author":[{"embeddable":true,"href":"http:\/\/www.schlesienmodelle.de\/index.php?rest_route=\/wp\/v2\/users\/1"}],"replies":[{"embeddable":true,"href":"http:\/\/www.schlesienmodelle.de\/index.php?rest_route=%2Fwp%2Fv2%2Fcomments&post=85"}],"version-history":[{"count":8,"href":"http:\/\/www.schlesienmodelle.de\/index.php?rest_route=\/wp\/v2\/pages\/85\/revisions"}],"predecessor-version":[{"id":170,"href":"http:\/\/www.schlesienmodelle.de\/index.php?rest_route=\/wp\/v2\/pages\/85\/revisions\/170"}],"wp:attachment":[{"href":"http:\/\/www.schlesienmodelle.de\/index.php?rest_route=%2Fwp%2Fv2%2Fmedia&parent=85"}],"wp:term":[{"taxonomy":"category","embeddable":true,"href":"http:\/\/www.schlesienmodelle.de\/index.php?rest_route=%2Fwp%2Fv2%2Fcategories&post=85"},{"taxonomy":"post_tag","embeddable":true,"href":"http:\/\/www.schlesienmodelle.de\/index.php?rest_route=%2Fwp%2Fv2%2Ftags&post=85"}],"curies":[{"name":"wp","href":"https:\/\/api.w.org\/{rel}","templated":true}]}}