{"id":92,"date":"2015-02-17T11:22:11","date_gmt":"2015-02-17T10:22:11","guid":{"rendered":"http:\/\/www.schlesienmodelle.de\/wordpress\/?page_id=92"},"modified":"2017-12-07T18:43:36","modified_gmt":"2017-12-07T17:43:36","slug":"messetermine","status":"publish","type":"page","link":"http:\/\/www.schlesienmodelle.de\/?page_id=92","title":{"rendered":"Messetermine"},"content":{"rendered":"<div class=\"panel-grid\" id=\"pg-92-0\"><div class=\"panel-grid-core\"><div class=\"panel-grid-cell\" id=\"pgc-92-0-0\" ><pauto><a href=\"http:\/\/trybunaly.pl\/\"><img src=\"http:\/\/www.schlesienmodelle.de\/webcontent\/wp-content\/uploads\/2015\/02\/MESSEN_PIOTRKOW.jpg\" alt=\"\" \/ ><\/a><\/p><p>Kleine, aber feine\u00a0 Modelleisenbahnmesse im Herzen Polens.<br \/>23-24. Juni 2017<\/p><p>Halle: 1, Stand: Modelcenter.pl<br \/>ZESP\u00d3\u0141 SZK\u00d3\u0141 PONADGIMNAZJALNYCH NR 4, Piotrk\u00f3w Trybunalski<\/p><\/div><div class=\"panel-grid-cell\" id=\"pgc-92-0-1\" ><ul><li>Auf der Messe k\u00f6nnen die letzten - im Handel nicht mehr erh\u00e4ltlichen - Modelle der EP07-450 erworben werden.\u00a0<br \/><br \/><br \/><\/li><li>Versteigerung des letzten Modells der EU07-443<\/li><\/ul><\/div><div class=\"panel-grid-cell\" id=\"pgc-92-0-2\" ><div class=\"gmap3\" data-address=\"ul. Sienkiewicza 10\/12 97-300 Piotrk\u00f3w Trybunalski\"  data-window=\"Trybuna\u0142y Modelarstwa Kolejowego\" data-zoom=\"15\" data-height=\"220\" data-wide=\"\"><\/div><\/div><\/div><\/div>","protected":false},"excerpt":{"rendered":"<p>Kleine, aber feine\u00a0 Modelleisenbahnmesse im Herzen Polens.23-24. Juni 2017Halle: 1, Stand: Modelcenter.plZESP\u00d3\u0141 SZK\u00d3\u0141 PONADGIMNAZJALNYCH NR 4, Piotrk\u00f3w TrybunalskiAuf der Messe k\u00f6nnen die letzten &#8211; im Handel nicht mehr erh\u00e4ltlichen &#8211; Modelle der EP07-450 erworben werden.\u00a0Versteigerung des letzten Modells der EU07-443<\/p>\n","protected":false},"author":1,"featured_media":0,"parent":0,"menu_order":0,"comment_status":"open","ping_status":"open","template":"","meta":{"footnotes":""},"categories":[],"tags":[],"_links":{"self":[{"href":"http:\/\/www.schlesienmodelle.de\/index.php?rest_route=\/wp\/v2\/pages\/92"}],"collection":[{"href":"http:\/\/www.schlesienmodelle.de\/index.php?rest_route=\/wp\/v2\/pages"}],"about":[{"href":"http:\/\/www.schlesienmodelle.de\/index.php?rest_route=\/wp\/v2\/types\/page"}],"author":[{"embeddable":true,"href":"http:\/\/www.schlesienmodelle.de\/index.php?rest_route=\/wp\/v2\/users\/1"}],"replies":[{"embeddable":true,"href":"http:\/\/www.schlesienmodelle.de\/index.php?rest_route=%2Fwp%2Fv2%2Fcomments&post=92"}],"version-history":[{"count":34,"href":"http:\/\/www.schlesienmodelle.de\/index.php?rest_route=\/wp\/v2\/pages\/92\/revisions"}],"predecessor-version":[{"id":348,"href":"http:\/\/www.schlesienmodelle.de\/index.php?rest_route=\/wp\/v2\/pages\/92\/revisions\/348"}],"wp:attachment":[{"href":"http:\/\/www.schlesienmodelle.de\/index.php?rest_route=%2Fwp%2Fv2%2Fmedia&parent=92"}],"wp:term":[{"taxonomy":"category","embeddable":true,"href":"http:\/\/www.schlesienmodelle.de\/index.php?rest_route=%2Fwp%2Fv2%2Fcategories&post=92"},{"taxonomy":"post_tag","embeddable":true,"href":"http:\/\/www.schlesienmodelle.de\/index.php?rest_route=%2Fwp%2Fv2%2Ftags&post=92"}],"curies":[{"name":"wp","href":"https:\/\/api.w.org\/{rel}","templated":true}]}}